{"id":629,"date":"2025-08-18T03:36:42","date_gmt":"2025-08-18T03:36:42","guid":{"rendered":"https:\/\/mmgulf.com\/boudl\/?page_id=629"},"modified":"2025-08-18T13:36:19","modified_gmt":"2025-08-18T13:36:19","slug":"food-beverage","status":"publish","type":"page","link":"https:\/\/mmgulf.com\/boudl\/index.php\/food-beverage\/","title":{"rendered":"Food &#038; Beverage"},"content":{"rendered":"\t\t<div data-elementor-type=\"wp-page\" data-elementor-id=\"629\" class=\"elementor elementor-629\">\n\t\t\t\t<div class=\"elementor-element elementor-element-4c56995 e-grid e-con-boxed e-con e-parent\" data-id=\"4c56995\" data-element_type=\"container\">\n\t\t\t\t\t<div class=\"e-con-inner\">\n\t\t\t\t<div class=\"elementor-element elementor-element-8887103 elementor-widget elementor-widget-image\" data-id=\"8887103\" data-element_type=\"widget\" data-widget_type=\"image.default\">\n\t\t\t\t\t\t\t\t\t\t\t\t\t\t\t<img fetchpriority=\"high\" decoding=\"async\" width=\"640\" height=\"427\" src=\"https:\/\/mmgulf.com\/boudl\/wp-content\/uploads\/2025\/08\/521A2742.png\" class=\"attachment-large size-large wp-image-864\" alt=\"\" srcset=\"https:\/\/mmgulf.com\/boudl\/wp-content\/uploads\/2025\/08\/521A2742.png 900w, https:\/\/mmgulf.com\/boudl\/wp-content\/uploads\/2025\/08\/521A2742-300x200.png 300w, https:\/\/mmgulf.com\/boudl\/wp-content\/uploads\/2025\/08\/521A2742-768x512.png 768w\" sizes=\"(max-width: 640px) 100vw, 640px\" \/>\t\t\t\t\t\t\t\t\t\t\t\t\t\t\t<\/div>\n\t\t<div class=\"elementor-element elementor-element-f0ad4fb e-con-full e-flex e-con e-child\" data-id=\"f0ad4fb\" data-element_type=\"container\">\n\t\t\t\t<div class=\"elementor-element elementor-element-6dff936 elementor-widget elementor-widget-heading\" data-id=\"6dff936\" data-element_type=\"widget\" data-widget_type=\"heading.default\">\n\t\t\t\t\t<h2 class=\"elementor-heading-title elementor-size-default\">Wedding Parties<\/h2>\t\t\t\t<\/div>\n\t\t\t\t<div class=\"elementor-element elementor-element-ddf93c4 elementor-widget elementor-widget-text-editor\" data-id=\"ddf93c4\" data-element_type=\"widget\" data-widget_type=\"text-editor.default\">\n\t\t\t\t\t\t\t\t\t<p data-start=\"256\" data-end=\"425\">Celebrate your special day in elegance. Our tailored packages include exquisite d\u00e9cor, customized menus, and flawless service to make your wedding truly unforgettable.<\/p>\t\t\t\t\t\t\t\t<\/div>\n\t\t\t\t<\/div>\n\t\t\t\t\t<\/div>\n\t\t\t\t<\/div>\n\t\t<div class=\"elementor-element elementor-element-62b6c89 e-grid e-con-boxed e-con e-parent\" data-id=\"62b6c89\" data-element_type=\"container\">\n\t\t\t\t\t<div class=\"e-con-inner\">\n\t\t<div class=\"elementor-element elementor-element-1237ea3 e-con-full e-flex e-con e-child\" data-id=\"1237ea3\" data-element_type=\"container\">\n\t\t\t\t<div class=\"elementor-element elementor-element-28b81ca elementor-widget elementor-widget-heading\" data-id=\"28b81ca\" data-element_type=\"widget\" data-widget_type=\"heading.default\">\n\t\t\t\t\t<h2 class=\"elementor-heading-title elementor-size-default\">Buffets &amp; \u00c0 La Carte Dining<\/h2>\t\t\t\t<\/div>\n\t\t\t\t<div class=\"elementor-element elementor-element-14de325 elementor-widget elementor-widget-text-editor\" data-id=\"14de325\" data-element_type=\"widget\" data-widget_type=\"text-editor.default\">\n\t\t\t\t\t\t\t\t\t<p data-start=\"465\" data-end=\"623\">Savor a world of flavors with our lunch and dinner buffets, or choose from an \u00e0 la carte menu featuring international favorites and authentic local cuisine.<\/p>\t\t\t\t\t\t\t\t<\/div>\n\t\t\t\t<\/div>\n\t\t\t\t<div class=\"elementor-element elementor-element-6d481c7 elementor-widget elementor-widget-image\" data-id=\"6d481c7\" data-element_type=\"widget\" data-widget_type=\"image.default\">\n\t\t\t\t\t\t\t\t\t\t\t\t\t\t\t<img decoding=\"async\" width=\"640\" height=\"427\" src=\"https:\/\/mmgulf.com\/boudl\/wp-content\/uploads\/2025\/08\/521A2743.png\" class=\"attachment-large size-large wp-image-866\" alt=\"\" srcset=\"https:\/\/mmgulf.com\/boudl\/wp-content\/uploads\/2025\/08\/521A2743.png 900w, https:\/\/mmgulf.com\/boudl\/wp-content\/uploads\/2025\/08\/521A2743-300x200.png 300w, https:\/\/mmgulf.com\/boudl\/wp-content\/uploads\/2025\/08\/521A2743-768x512.png 768w\" sizes=\"(max-width: 640px) 100vw, 640px\" \/>\t\t\t\t\t\t\t\t\t\t\t\t\t\t\t<\/div>\n\t\t\t\t\t<\/div>\n\t\t\t\t<\/div>\n\t\t<div class=\"elementor-element elementor-element-ba8eaf8 e-grid e-con-boxed e-con e-parent\" data-id=\"ba8eaf8\" data-element_type=\"container\">\n\t\t\t\t\t<div class=\"e-con-inner\">\n\t\t\t\t<div class=\"elementor-element elementor-element-36cb8ae elementor-widget elementor-widget-image\" data-id=\"36cb8ae\" data-element_type=\"widget\" data-widget_type=\"image.default\">\n\t\t\t\t\t\t\t\t\t\t\t\t\t\t\t<img decoding=\"async\" width=\"640\" height=\"427\" src=\"https:\/\/mmgulf.com\/boudl\/wp-content\/uploads\/2025\/08\/521A2561-1024x683.jpg\" class=\"attachment-large size-large wp-image-641\" alt=\"\" srcset=\"https:\/\/mmgulf.com\/boudl\/wp-content\/uploads\/2025\/08\/521A2561-1024x683.jpg 1024w, https:\/\/mmgulf.com\/boudl\/wp-content\/uploads\/2025\/08\/521A2561-300x200.jpg 300w, https:\/\/mmgulf.com\/boudl\/wp-content\/uploads\/2025\/08\/521A2561-768x512.jpg 768w, https:\/\/mmgulf.com\/boudl\/wp-content\/uploads\/2025\/08\/521A2561.jpg 1500w\" sizes=\"(max-width: 640px) 100vw, 640px\" \/>\t\t\t\t\t\t\t\t\t\t\t\t\t\t\t<\/div>\n\t\t<div class=\"elementor-element elementor-element-a217725 e-con-full e-flex e-con e-child\" data-id=\"a217725\" data-element_type=\"container\">\n\t\t\t\t<div class=\"elementor-element elementor-element-49192fb elementor-widget elementor-widget-heading\" data-id=\"49192fb\" data-element_type=\"widget\" data-widget_type=\"heading.default\">\n\t\t\t\t\t<h2 class=\"elementor-heading-title elementor-size-default\">Light Bites &amp; Coffee Breaks<\/h2>\t\t\t\t<\/div>\n\t\t\t\t<div class=\"elementor-element elementor-element-49265d4 elementor-widget elementor-widget-text-editor\" data-id=\"49265d4\" data-element_type=\"widget\" data-widget_type=\"text-editor.default\">\n\t\t\t\t\t\t\t\t\t<p data-start=\"663\" data-end=\"804\">Enjoy freshly prepared snacks, hearty sandwiches, and energizing coffee breaks \u2014 perfect for casual dining, meetings, or quick refreshment.<\/p>\t\t\t\t\t\t\t\t<\/div>\n\t\t\t\t<\/div>\n\t\t\t\t\t<\/div>\n\t\t\t\t<\/div>\n\t\t<div class=\"elementor-element elementor-element-ab821f0 e-grid e-con-boxed e-con e-parent\" data-id=\"ab821f0\" data-element_type=\"container\">\n\t\t\t\t\t<div class=\"e-con-inner\">\n\t\t<div class=\"elementor-element elementor-element-dfdc127 e-con-full e-flex e-con e-child\" data-id=\"dfdc127\" data-element_type=\"container\">\n\t\t\t\t<div class=\"elementor-element elementor-element-e7feeb2 elementor-widget elementor-widget-heading\" data-id=\"e7feeb2\" data-element_type=\"widget\" data-widget_type=\"heading.default\">\n\t\t\t\t\t<h2 class=\"elementor-heading-title elementor-size-default\">24-Hour Room Service<\/h2>\t\t\t\t<\/div>\n\t\t\t\t<div class=\"elementor-element elementor-element-19c20e4 elementor-widget elementor-widget-text-editor\" data-id=\"19c20e4\" data-element_type=\"widget\" data-widget_type=\"text-editor.default\">\n\t\t\t\t\t\t\t\t\t<p data-start=\"837\" data-end=\"1007\">Dine in comfort anytime. Our extensive room service menu is available around the clock, offering hot meals, light snacks, and beverages delivered straight to your door.<\/p>\t\t\t\t\t\t\t\t<\/div>\n\t\t\t\t<\/div>\n\t\t\t\t<div class=\"elementor-element elementor-element-0fc8b3e elementor-widget elementor-widget-image\" data-id=\"0fc8b3e\" data-element_type=\"widget\" data-widget_type=\"image.default\">\n\t\t\t\t\t\t\t\t\t\t\t\t\t\t\t<img loading=\"lazy\" decoding=\"async\" width=\"640\" height=\"427\" src=\"https:\/\/mmgulf.com\/boudl\/wp-content\/uploads\/2025\/08\/521A2813.jpg\" class=\"attachment-large size-large wp-image-662\" alt=\"\" srcset=\"https:\/\/mmgulf.com\/boudl\/wp-content\/uploads\/2025\/08\/521A2813.jpg 936w, https:\/\/mmgulf.com\/boudl\/wp-content\/uploads\/2025\/08\/521A2813-300x200.jpg 300w, https:\/\/mmgulf.com\/boudl\/wp-content\/uploads\/2025\/08\/521A2813-768x512.jpg 768w\" sizes=\"(max-width: 640px) 100vw, 640px\" \/>\t\t\t\t\t\t\t\t\t\t\t\t\t\t\t<\/div>\n\t\t\t\t\t<\/div>\n\t\t\t\t<\/div>\n\t\t<div class=\"elementor-element elementor-element-9831e64 e-grid e-con-boxed e-con e-parent\" data-id=\"9831e64\" data-element_type=\"container\">\n\t\t\t\t\t<div class=\"e-con-inner\">\n\t\t\t\t<div class=\"elementor-element elementor-element-5abb402 elementor-widget elementor-widget-image\" data-id=\"5abb402\" data-element_type=\"widget\" data-widget_type=\"image.default\">\n\t\t\t\t\t\t\t\t\t\t\t\t\t\t\t<img loading=\"lazy\" decoding=\"async\" width=\"640\" height=\"427\" src=\"https:\/\/mmgulf.com\/boudl\/wp-content\/uploads\/2025\/08\/521A2666-1024x683.jpg\" class=\"attachment-large size-large wp-image-658\" alt=\"\" srcset=\"https:\/\/mmgulf.com\/boudl\/wp-content\/uploads\/2025\/08\/521A2666-1024x683.jpg 1024w, https:\/\/mmgulf.com\/boudl\/wp-content\/uploads\/2025\/08\/521A2666-300x200.jpg 300w, https:\/\/mmgulf.com\/boudl\/wp-content\/uploads\/2025\/08\/521A2666-768x512.jpg 768w, https:\/\/mmgulf.com\/boudl\/wp-content\/uploads\/2025\/08\/521A2666.jpg 1500w\" sizes=\"(max-width: 640px) 100vw, 640px\" \/>\t\t\t\t\t\t\t\t\t\t\t\t\t\t\t<\/div>\n\t\t<div class=\"elementor-element elementor-element-26d941c e-con-full e-flex e-con e-child\" data-id=\"26d941c\" data-element_type=\"container\">\n\t\t\t\t<div class=\"elementor-element elementor-element-002b38f elementor-widget elementor-widget-heading\" data-id=\"002b38f\" data-element_type=\"widget\" data-widget_type=\"heading.default\">\n\t\t\t\t\t<h2 class=\"elementor-heading-title elementor-size-default\">Bar &amp; Beverage Service<\/h2>\t\t\t\t<\/div>\n\t\t\t\t<div class=\"elementor-element elementor-element-43dd9ec elementor-widget elementor-widget-text-editor\" data-id=\"43dd9ec\" data-element_type=\"widget\" data-widget_type=\"text-editor.default\">\n\t\t\t\t\t\t\t\t\t<p data-start=\"1042\" data-end=\"1182\">Unwind in style with a wide selection of refreshing cocktails, premium spirits, and non-alcoholic drinks, served in a relaxing atmosphere.<\/p>\t\t\t\t\t\t\t\t<\/div>\n\t\t\t\t<\/div>\n\t\t\t\t\t<\/div>\n\t\t\t\t<\/div>\n\t\t<div class=\"elementor-element elementor-element-fb619d6 e-grid e-con-boxed e-con e-parent\" data-id=\"fb619d6\" data-element_type=\"container\">\n\t\t\t\t\t<div class=\"e-con-inner\">\n\t\t<div class=\"elementor-element elementor-element-7d3c0f7 e-con-full e-flex e-con e-child\" data-id=\"7d3c0f7\" data-element_type=\"container\">\n\t\t\t\t<div class=\"elementor-element elementor-element-e628a0c elementor-widget elementor-widget-heading\" data-id=\"e628a0c\" data-element_type=\"widget\" data-widget_type=\"heading.default\">\n\t\t\t\t\t<h2 class=\"elementor-heading-title elementor-size-default\">Wedding Photo Session<\/h2>\t\t\t\t<\/div>\n\t\t\t\t<div class=\"elementor-element elementor-element-6050dbf elementor-widget elementor-widget-text-editor\" data-id=\"6050dbf\" data-element_type=\"widget\" data-widget_type=\"text-editor.default\">\n\t\t\t\t\t\t\t\t\t<p data-start=\"1216\" data-end=\"1354\">Capture lasting memories with professional photo opportunities in our elegant hotel settings, designed for timeless wedding photography.<\/p>\t\t\t\t\t\t\t\t<\/div>\n\t\t\t\t<\/div>\n\t\t\t\t<div class=\"elementor-element elementor-element-7204afe elementor-widget elementor-widget-image\" data-id=\"7204afe\" data-element_type=\"widget\" data-widget_type=\"image.default\">\n\t\t\t\t\t\t\t\t\t\t\t\t\t\t\t<img loading=\"lazy\" decoding=\"async\" width=\"640\" height=\"427\" src=\"https:\/\/mmgulf.com\/boudl\/wp-content\/uploads\/2025\/08\/521A2723.png\" class=\"attachment-large size-large wp-image-865\" alt=\"\" srcset=\"https:\/\/mmgulf.com\/boudl\/wp-content\/uploads\/2025\/08\/521A2723.png 900w, https:\/\/mmgulf.com\/boudl\/wp-content\/uploads\/2025\/08\/521A2723-300x200.png 300w, https:\/\/mmgulf.com\/boudl\/wp-content\/uploads\/2025\/08\/521A2723-768x512.png 768w\" sizes=\"(max-width: 640px) 100vw, 640px\" \/>\t\t\t\t\t\t\t\t\t\t\t\t\t\t\t<\/div>\n\t\t\t\t\t<\/div>\n\t\t\t\t<\/div>\n\t\t\t\t<\/div>\n\t\t","protected":false},"excerpt":{"rendered":"<p>Wedding Parties Celebrate your special day in elegance. Our tailored packages include exquisite d\u00e9cor, customized menus, and flawless service to make your wedding truly unforgettable. Buffets &amp; \u00c0 La Carte Dining Savor a world of flavors with our lunch and dinner buffets, or choose from an \u00e0 la carte menu featuring international favorites and authentic [&hellip;]<\/p>\n","protected":false},"author":1,"featured_media":0,"parent":0,"menu_order":0,"comment_status":"closed","ping_status":"closed","template":"","meta":{"_monsterinsights_skip_tracking":false,"_monsterinsights_sitenote_active":false,"_monsterinsights_sitenote_note":"","_monsterinsights_sitenote_category":0,"footnotes":""},"class_list":["post-629","page","type-page","status-publish","hentry"],"aioseo_notices":[],"_links":{"self":[{"href":"https:\/\/mmgulf.com\/boudl\/index.php\/wp-json\/wp\/v2\/pages\/629","targetHints":{"allow":["GET"]}}],"collection":[{"href":"https:\/\/mmgulf.com\/boudl\/index.php\/wp-json\/wp\/v2\/pages"}],"about":[{"href":"https:\/\/mmgulf.com\/boudl\/index.php\/wp-json\/wp\/v2\/types\/page"}],"author":[{"embeddable":true,"href":"https:\/\/mmgulf.com\/boudl\/index.php\/wp-json\/wp\/v2\/users\/1"}],"replies":[{"embeddable":true,"href":"https:\/\/mmgulf.com\/boudl\/index.php\/wp-json\/wp\/v2\/comments?post=629"}],"version-history":[{"count":10,"href":"https:\/\/mmgulf.com\/boudl\/index.php\/wp-json\/wp\/v2\/pages\/629\/revisions"}],"predecessor-version":[{"id":872,"href":"https:\/\/mmgulf.com\/boudl\/index.php\/wp-json\/wp\/v2\/pages\/629\/revisions\/872"}],"wp:attachment":[{"href":"https:\/\/mmgulf.com\/boudl\/index.php\/wp-json\/wp\/v2\/media?parent=629"}],"curies":[{"name":"wp","href":"https:\/\/api.w.org\/{rel}","templated":true}]}}